{"id":6637,"date":"2020-09-30T19:43:02","date_gmt":"2020-09-30T16:43:02","guid":{"rendered":"https:\/\/nurrunurk.ee\/?page_id=6637"},"modified":"2023-04-10T15:45:28","modified_gmt":"2023-04-10T12:45:28","slug":"adopteerimine","status":"publish","type":"page","link":"https:\/\/nurrunurk.ee\/fi\/adopteerimine\/","title":{"rendered":"Adoptointi"},"content":{"rendered":"<img loading=\"lazy\" decoding=\"async\" src=\"https:\/\/nurrunurk.ee\/wp-content\/uploads\/2018\/09\/adoption.png\" sizes=\"auto, (max-width: 1280px) 100vw, 1280px\" srcset=\"https:\/\/nurrunurk.ee\/wp-content\/uploads\/2018\/09\/adoption.png 1280w, https:\/\/nurrunurk.ee\/wp-content\/uploads\/2018\/09\/adoption-300x98.png 300w, https:\/\/nurrunurk.ee\/wp-content\/uploads\/2018\/09\/adoption-768x252.png 768w, https:\/\/nurrunurk.ee\/wp-content\/uploads\/2018\/09\/adoption-1024x336.png 1024w, https:\/\/nurrunurk.ee\/wp-content\/uploads\/2018\/09\/adoption-600x197.png 600w\" alt=\"\" width=\"1280\" height=\"420\" \/><\/p>\n<h2>Sijaiskodit ja -hoito<\/h2>\n<p>Sijaishoitaja ottaa kodittoman kissan kotiin ja antaa sille rakkautta ja huoltaa sit\u00e4 joko ennalta m\u00e4\u00e4r\u00e4tyn ajan tai kunnes kissa adoptoidaan.<\/p>\n<p><strong>Kuinka voisin ryhty\u00e4 kissan huoltajaksi?<\/strong><\/p>\n<p>Ota meihin yhteytt\u00e4 niin kerromme sinulle eri mahdollisuuksista ja kuinka voisimme tukea sinua ty\u00f6ss\u00e4si.<\/p>\n<h2>Adoptointi<\/h2>\n<p>Vastuullamme on l\u00f6yt\u00e4\u00e4 pelastetutuille kissoille rakastavia ja pysyvi\u00e4 koteja. Haluamme varmistaa, ett\u00e4 el\u00e4in, jota haluat adoptoida, soveltuu hyvin sinulle ja perheellesi.<\/p>\n<p><em>Meid\u00e4n on vain tunnettava, ett\u00e4 pystytte antamaan kissalle hyv\u00e4n el\u00e4m\u00e4n ja kodin!<\/em>","protected":false},"excerpt":{"rendered":"<p>Sijaiskodit ja -hoito Sijaishoitaja ottaa kodittoman kissan kotiin ja antaa sille rakkautta ja huoltaa sit\u00e4 joko ennalta m\u00e4\u00e4r\u00e4tyn ajan tai kunnes kissa adoptoidaan. Kuinka voisin ryhty\u00e4 kissan huoltajaksi? Ota meihin yhteytt\u00e4 niin kerromme sinulle eri mahdollisuuksista ja kuinka voisimme tukea sinua ty\u00f6ss\u00e4si. Adoptointi Vastuullamme on l\u00f6yt\u00e4\u00e4 pelastetutuille kissoille rakastavia ja pysyvi\u00e4 koteja. Haluamme varmistaa, ett\u00e4 el\u00e4in, jota haluat adoptoida, soveltuu &#8230; <\/p>\n<div><a href=\"https:\/\/nurrunurk.ee\/fi\/adopteerimine\/\" class=\"more-link\">Read More<\/a><\/div>\n","protected":false},"author":1,"featured_media":0,"parent":0,"menu_order":0,"comment_status":"closed","ping_status":"closed","template":"","meta":{"footnotes":""},"class_list":["post-6637","page","type-page","status-publish","hentry","no-post-thumbnail"],"_links":{"self":[{"href":"https:\/\/nurrunurk.ee\/fi\/wp-json\/wp\/v2\/pages\/6637","targetHints":{"allow":["GET"]}}],"collection":[{"href":"https:\/\/nurrunurk.ee\/fi\/wp-json\/wp\/v2\/pages"}],"about":[{"href":"https:\/\/nurrunurk.ee\/fi\/wp-json\/wp\/v2\/types\/page"}],"author":[{"embeddable":true,"href":"https:\/\/nurrunurk.ee\/fi\/wp-json\/wp\/v2\/users\/1"}],"replies":[{"embeddable":true,"href":"https:\/\/nurrunurk.ee\/fi\/wp-json\/wp\/v2\/comments?post=6637"}],"version-history":[{"count":3,"href":"https:\/\/nurrunurk.ee\/fi\/wp-json\/wp\/v2\/pages\/6637\/revisions"}],"predecessor-version":[{"id":7446,"href":"https:\/\/nurrunurk.ee\/fi\/wp-json\/wp\/v2\/pages\/6637\/revisions\/7446"}],"wp:attachment":[{"href":"https:\/\/nurrunurk.ee\/fi\/wp-json\/wp\/v2\/media?parent=6637"}],"curies":[{"name":"wp","href":"https:\/\/api.w.org\/{rel}","templated":true}]}}