{"id":6632,"date":"2020-09-30T19:42:20","date_gmt":"2020-09-30T16:42:20","guid":{"rendered":"https:\/\/nurrunurk.ee\/?page_id=6632"},"modified":"2023-04-11T07:39:25","modified_gmt":"2023-04-11T04:39:25","slug":"kiisugalerii","status":"publish","type":"page","link":"https:\/\/nurrunurk.ee\/fi\/kiisugalerii\/","title":{"rendered":"Kissagalleria"},"content":{"rendered":"<img loading=\"lazy\" decoding=\"async\" src=\"https:\/\/nurrunurk.ee\/wp-content\/uploads\/2018\/09\/gallery-of-cats.png\" sizes=\"auto, (max-width: 1280px) 100vw, 1280px\" srcset=\"https:\/\/nurrunurk.ee\/wp-content\/uploads\/2018\/09\/gallery-of-cats.png 1280w, https:\/\/nurrunurk.ee\/wp-content\/uploads\/2018\/09\/gallery-of-cats-300x98.png 300w, https:\/\/nurrunurk.ee\/wp-content\/uploads\/2018\/09\/gallery-of-cats-768x252.png 768w, https:\/\/nurrunurk.ee\/wp-content\/uploads\/2018\/09\/gallery-of-cats-1024x336.png 1024w, https:\/\/nurrunurk.ee\/wp-content\/uploads\/2018\/09\/gallery-of-cats-600x197.png 600w\" alt=\"\" width=\"1280\" height=\"420\" \/><\/p>\n<p>L\u00f6yd\u00e4t nyt kaikki kotia etsiv\u00e4t kissamme Facebook-in albumista &#8220;Kodu otsivad kassid&#8221;.<\/p>\n<p>Tutustu ja klikkaa t\u00e4h\u00e4n linkkiin:\u00a0<a href=\"https:\/\/www.facebook.com\/nurrunurk\">https:\/\/www.facebook.com\/nurrunurk<\/a>, kiitos!<\/p>\n<h3>Voit tutustua kissoihin my\u00f6s paikan p\u00e4\u00e4ll\u00e4.<\/h3>\n<h3>Ovemme ovat avoinna lauantaisin klo 10.00 &#8211; 14.00.<\/h3>","protected":false},"excerpt":{"rendered":"<p>L\u00f6yd\u00e4t nyt kaikki kotia etsiv\u00e4t kissamme Facebook-in albumista &#8220;Kodu otsivad kassid&#8221;. Tutustu ja klikkaa t\u00e4h\u00e4n linkkiin:\u00a0https:\/\/www.facebook.com\/nurrunurk, kiitos! Voit tutustua kissoihin my\u00f6s paikan p\u00e4\u00e4ll\u00e4. Ovemme ovat avoinna lauantaisin klo 10.00 &#8211; 14.00.<\/p>\n","protected":false},"author":1,"featured_media":0,"parent":0,"menu_order":0,"comment_status":"closed","ping_status":"closed","template":"","meta":{"footnotes":""},"class_list":["post-6632","page","type-page","status-publish","hentry","no-post-thumbnail"],"_links":{"self":[{"href":"https:\/\/nurrunurk.ee\/fi\/wp-json\/wp\/v2\/pages\/6632","targetHints":{"allow":["GET"]}}],"collection":[{"href":"https:\/\/nurrunurk.ee\/fi\/wp-json\/wp\/v2\/pages"}],"about":[{"href":"https:\/\/nurrunurk.ee\/fi\/wp-json\/wp\/v2\/types\/page"}],"author":[{"embeddable":true,"href":"https:\/\/nurrunurk.ee\/fi\/wp-json\/wp\/v2\/users\/1"}],"replies":[{"embeddable":true,"href":"https:\/\/nurrunurk.ee\/fi\/wp-json\/wp\/v2\/comments?post=6632"}],"version-history":[{"count":5,"href":"https:\/\/nurrunurk.ee\/fi\/wp-json\/wp\/v2\/pages\/6632\/revisions"}],"predecessor-version":[{"id":7486,"href":"https:\/\/nurrunurk.ee\/fi\/wp-json\/wp\/v2\/pages\/6632\/revisions\/7486"}],"wp:attachment":[{"href":"https:\/\/nurrunurk.ee\/fi\/wp-json\/wp\/v2\/media?parent=6632"}],"curies":[{"name":"wp","href":"https:\/\/api.w.org\/{rel}","templated":true}]}}