{"id":6613,"date":"2020-09-30T19:32:43","date_gmt":"2020-09-30T16:32:43","guid":{"rendered":"https:\/\/nurrunurk.ee\/?page_id=6613"},"modified":"2023-04-10T15:45:00","modified_gmt":"2023-04-10T12:45:00","slug":"lisateenused","status":"publish","type":"page","link":"https:\/\/nurrunurk.ee\/fi\/lisateenused\/","title":{"rendered":"Muut palvelut"},"content":{"rendered":"<img loading=\"lazy\" decoding=\"async\" src=\"https:\/\/nurrunurk.ee\/wp-content\/uploads\/2018\/09\/operoitava-kissa-1.png\" sizes=\"auto, (max-width: 1280px) 100vw, 1280px\" srcset=\"https:\/\/nurrunurk.ee\/wp-content\/uploads\/2018\/09\/operoitava-kissa-1.png 1280w, https:\/\/nurrunurk.ee\/wp-content\/uploads\/2018\/09\/operoitava-kissa-1-300x98.png 300w, https:\/\/nurrunurk.ee\/wp-content\/uploads\/2018\/09\/operoitava-kissa-1-768x252.png 768w, https:\/\/nurrunurk.ee\/wp-content\/uploads\/2018\/09\/operoitava-kissa-1-1024x336.png 1024w, https:\/\/nurrunurk.ee\/wp-content\/uploads\/2018\/09\/operoitava-kissa-1-600x197.png 600w\" alt=\"\" width=\"1280\" height=\"420\" \/><\/p>\n<h2>Muita palveluja<\/h2>\n<p>Meill\u00e4 on mahdollisuus poistaa hammaskivi\u00e4 ja tarvittaessa hoitaa kissan ja koiran ihosairauksia.<\/p>\n<p>Tarvittaessa voimme kutsua toisia alan asiantuntijoita paikalle. T\u00e4m\u00e4n lis\u00e4ksi erikoisl\u00e4\u00e4k\u00e4reit\u00e4 (ortopedej\u00e4, silm\u00e4l\u00e4\u00e4k\u00e4reit\u00e4 jne.)","protected":false},"excerpt":{"rendered":"<p>Muita palveluja Meill\u00e4 on mahdollisuus poistaa hammaskivi\u00e4 ja tarvittaessa hoitaa kissan ja koiran ihosairauksia. Tarvittaessa voimme kutsua toisia alan asiantuntijoita paikalle. T\u00e4m\u00e4n lis\u00e4ksi erikoisl\u00e4\u00e4k\u00e4reit\u00e4 (ortopedej\u00e4, silm\u00e4l\u00e4\u00e4k\u00e4reit\u00e4 jne.)<\/p>\n","protected":false},"author":1,"featured_media":0,"parent":0,"menu_order":0,"comment_status":"closed","ping_status":"closed","template":"","meta":{"footnotes":""},"class_list":["post-6613","page","type-page","status-publish","hentry","no-post-thumbnail"],"_links":{"self":[{"href":"https:\/\/nurrunurk.ee\/fi\/wp-json\/wp\/v2\/pages\/6613","targetHints":{"allow":["GET"]}}],"collection":[{"href":"https:\/\/nurrunurk.ee\/fi\/wp-json\/wp\/v2\/pages"}],"about":[{"href":"https:\/\/nurrunurk.ee\/fi\/wp-json\/wp\/v2\/types\/page"}],"author":[{"embeddable":true,"href":"https:\/\/nurrunurk.ee\/fi\/wp-json\/wp\/v2\/users\/1"}],"replies":[{"embeddable":true,"href":"https:\/\/nurrunurk.ee\/fi\/wp-json\/wp\/v2\/comments?post=6613"}],"version-history":[{"count":3,"href":"https:\/\/nurrunurk.ee\/fi\/wp-json\/wp\/v2\/pages\/6613\/revisions"}],"predecessor-version":[{"id":7465,"href":"https:\/\/nurrunurk.ee\/fi\/wp-json\/wp\/v2\/pages\/6613\/revisions\/7465"}],"wp:attachment":[{"href":"https:\/\/nurrunurk.ee\/fi\/wp-json\/wp\/v2\/media?parent=6613"}],"curies":[{"name":"wp","href":"https:\/\/api.w.org\/{rel}","templated":true}]}}