{"id":6608,"date":"2020-09-30T19:31:34","date_gmt":"2020-09-30T16:31:34","guid":{"rendered":"https:\/\/nurrunurk.ee\/?page_id=6608"},"modified":"2025-01-07T15:39:20","modified_gmt":"2025-01-07T13:39:20","slug":"kliiniku-pohiteenused","status":"publish","type":"page","link":"https:\/\/nurrunurk.ee\/fi\/kliiniku-pohiteenused\/","title":{"rendered":"L\u00e4\u00e4k\u00e4rin peruspalvelut"},"content":{"rendered":"<img loading=\"lazy\" decoding=\"async\" src=\"https:\/\/nurrunurk.ee\/wp-content\/uploads\/2018\/09\/operoitava-kissa-2.png\" sizes=\"auto, (max-width: 1280px) 100vw, 1280px\" srcset=\"https:\/\/nurrunurk.ee\/wp-content\/uploads\/2018\/09\/operoitava-kissa-2.png 1280w, https:\/\/nurrunurk.ee\/wp-content\/uploads\/2018\/09\/operoitava-kissa-2-300x98.png 300w, https:\/\/nurrunurk.ee\/wp-content\/uploads\/2018\/09\/operoitava-kissa-2-768x252.png 768w, https:\/\/nurrunurk.ee\/wp-content\/uploads\/2018\/09\/operoitava-kissa-2-1024x336.png 1024w, https:\/\/nurrunurk.ee\/wp-content\/uploads\/2018\/09\/operoitava-kissa-2-600x197.png 600w\" alt=\"\" width=\"1280\" height=\"420\" \/><\/p>\n<h2>L\u00e4\u00e4k\u00e4rin peruspalvelut<\/h2>\n<p><img loading=\"lazy\" decoding=\"async\" src=\"https:\/\/nurrunurk.ee\/wp-content\/uploads\/2019\/01\/Laine_OK.jpg\" sizes=\"auto, (max-width: 550px) 100vw, 550px\" srcset=\"https:\/\/nurrunurk.ee\/wp-content\/uploads\/2019\/01\/Laine_OK.jpg 550w, https:\/\/nurrunurk.ee\/wp-content\/uploads\/2019\/01\/Laine_OK-300x214.jpg 300w\" alt=\"\" width=\"550\" height=\"393\" \/><\/p>\n<p><strong>Peruspalvelut<\/strong><\/p>\n<p>Nurrunurkan\u00a0 el\u00e4inl\u00e4\u00e4k\u00e4rimme Laine S\u00fcnter tarjoaa my\u00f6s muita el\u00e4inl\u00e4\u00e4ketieteellisi\u00e4 palveluja alla olevien peruspalvelujen lis\u00e4ksi. H\u00e4n auttaa sinua normaalien asioiden lis\u00e4ksi my\u00f6s erityistapauksissa. Voit saada palveluja kissan ravinnollisissa, erityishoidoissa sek\u00e4 hammaskivien poistoissa, jne.<\/p>\n<p>Ensimm\u00e4inen terveystarkastus on aina ilmainen.<\/p>\n<p><strong>Palveluhinnat<\/strong><\/p>\n<p>K\u00e4yntimaksu 10 \u20ac<\/p>\n<p>Sterilointi 60 \u20ac<\/p>\n<p>Kastraatio 40 \u20ac<\/p>\n<p>Siruttaminen 10 \u20ac<\/p>\n<p>Rokotus 20 \u20ac<\/p>\n<p>Eutanasia \/ el\u00e4inl\u00e4\u00e4k\u00e4rin todistus 25 \u20ac<\/p>\n<p>Eutanasia \/ ilman el\u00e4inl\u00e4\u00e4k\u00e4rin todistusta\u00a050 \u20ac<\/p>\n<p>Parasiitit \/ ulkoiset loiset<br \/>\n<em>Hinta riippuu preparaatista.<\/em><\/p>\n<p>Parasiitit \/ sis\u00e4inen loinen<br \/>\n<em>Hinta riippuu preparaatista.<\/em><\/p>\n<p>Toipumisp\u00e4iv\u00e4hoito 2 \u20ac \/ vrk","protected":false},"excerpt":{"rendered":"<p>L\u00e4\u00e4k\u00e4rin peruspalvelut Peruspalvelut Nurrunurkan\u00a0 el\u00e4inl\u00e4\u00e4k\u00e4rimme Laine S\u00fcnter tarjoaa my\u00f6s muita el\u00e4inl\u00e4\u00e4ketieteellisi\u00e4 palveluja alla olevien peruspalvelujen lis\u00e4ksi. H\u00e4n auttaa sinua normaalien asioiden lis\u00e4ksi my\u00f6s erityistapauksissa. Voit saada palveluja kissan ravinnollisissa, erityishoidoissa sek\u00e4 hammaskivien poistoissa, jne. Ensimm\u00e4inen terveystarkastus on aina ilmainen. Palveluhinnat K\u00e4yntimaksu 10 \u20ac Sterilointi 60 \u20ac Kastraatio 40 \u20ac Siruttaminen 10 \u20ac Rokotus 20 \u20ac Eutanasia \/ el\u00e4inl\u00e4\u00e4k\u00e4rin todistus 25 &#8230; <\/p>\n<div><a href=\"https:\/\/nurrunurk.ee\/fi\/kliiniku-pohiteenused\/\" class=\"more-link\">Read More<\/a><\/div>\n","protected":false},"author":1,"featured_media":0,"parent":0,"menu_order":0,"comment_status":"closed","ping_status":"closed","template":"","meta":{"footnotes":""},"class_list":["post-6608","page","type-page","status-publish","hentry","no-post-thumbnail"],"_links":{"self":[{"href":"https:\/\/nurrunurk.ee\/fi\/wp-json\/wp\/v2\/pages\/6608","targetHints":{"allow":["GET"]}}],"collection":[{"href":"https:\/\/nurrunurk.ee\/fi\/wp-json\/wp\/v2\/pages"}],"about":[{"href":"https:\/\/nurrunurk.ee\/fi\/wp-json\/wp\/v2\/types\/page"}],"author":[{"embeddable":true,"href":"https:\/\/nurrunurk.ee\/fi\/wp-json\/wp\/v2\/users\/1"}],"replies":[{"embeddable":true,"href":"https:\/\/nurrunurk.ee\/fi\/wp-json\/wp\/v2\/comments?post=6608"}],"version-history":[{"count":10,"href":"https:\/\/nurrunurk.ee\/fi\/wp-json\/wp\/v2\/pages\/6608\/revisions"}],"predecessor-version":[{"id":7524,"href":"https:\/\/nurrunurk.ee\/fi\/wp-json\/wp\/v2\/pages\/6608\/revisions\/7524"}],"wp:attachment":[{"href":"https:\/\/nurrunurk.ee\/fi\/wp-json\/wp\/v2\/media?parent=6608"}],"curies":[{"name":"wp","href":"https:\/\/api.w.org\/{rel}","templated":true}]}}