{"id":6592,"date":"2020-09-30T19:26:43","date_gmt":"2020-09-30T16:26:43","guid":{"rendered":"https:\/\/nurrunurk.ee\/?page_id=6592"},"modified":"2023-04-10T15:44:10","modified_gmt":"2023-04-10T12:44:10","slug":"kontaktid","status":"publish","type":"page","link":"https:\/\/nurrunurk.ee\/fi\/kontaktid\/","title":{"rendered":"Yhteystiedot"},"content":{"rendered":"<img loading=\"lazy\" decoding=\"async\" src=\"https:\/\/nurrunurk.ee\/wp-content\/uploads\/2018\/09\/contact-info.png\" sizes=\"auto, (max-width: 1712px) 100vw, 1712px\" srcset=\"https:\/\/nurrunurk.ee\/wp-content\/uploads\/2018\/09\/contact-info.png 1712w, https:\/\/nurrunurk.ee\/wp-content\/uploads\/2018\/09\/contact-info-300x98.png 300w, https:\/\/nurrunurk.ee\/wp-content\/uploads\/2018\/09\/contact-info-768x252.png 768w, https:\/\/nurrunurk.ee\/wp-content\/uploads\/2018\/09\/contact-info-1024x336.png 1024w, https:\/\/nurrunurk.ee\/wp-content\/uploads\/2018\/09\/contact-info-600x197.png 600w\" alt=\"\" width=\"1712\" height=\"562\" \/><\/p>\n<h2>Yhteystiedot<\/h2>\n<p><strong>Nurrunurk mt\u00fc<\/strong><br \/>\n(Audlan vanha kauppa)<br \/>\nJ\u00f5e k\u00fcla, Estonia<br \/>\n94419 Saaremaa vald<br \/>\nPuh. 56612353<br \/>\nwww.facebook.com\/nurrunurk\/<br \/>\nwww.nurrunurk.ee\/<\/p>\n<p><strong>El\u00e4inl\u00e4\u00e4k\u00e4rin vastaanotto<\/strong><br \/>\nArkisin sopimuksen mukaan\u00a0 \u00a0 18.00 \u2013 20.00<br \/>\nLauantaisin\u00a0 \u00a0 10.00 \u2013 14.00<br \/>\nPuh. 5185982<br \/>\nE-mail: lainesynter@gmail.com<\/p>\n<h3>Lahjoitukset<\/h3>\n<p>Nurrunurk mt\u00fc \u2022 Swedbank EE072200221070220068<\/p>\n<p><iframe src=\"https:\/\/maps.google.com\/maps?q=J%C3%B5e%20k%C3%BCla%2C%20Saaremaa%20vald%2C%20Estonia&amp;t=m&amp;z=10&amp;output=embed&amp;iwloc=near\" frameborder=\"0\" marginwidth=\"0\" marginheight=\"0\" scrolling=\"no\" aria-label=\"J\u00f5e k\u00fcla, Saaremaa vald, Estonia\" data-mce-fragment=\"1\"><\/iframe>","protected":false},"excerpt":{"rendered":"<p>Yhteystiedot Nurrunurk mt\u00fc (Audlan vanha kauppa) J\u00f5e k\u00fcla, Estonia 94419 Saaremaa vald Puh. 56612353 www.facebook.com\/nurrunurk\/ www.nurrunurk.ee\/ El\u00e4inl\u00e4\u00e4k\u00e4rin vastaanotto Arkisin sopimuksen mukaan\u00a0 \u00a0 18.00 \u2013 20.00 Lauantaisin\u00a0 \u00a0 10.00 \u2013 14.00 Puh. 5185982 E-mail: lainesynter@gmail.com Lahjoitukset Nurrunurk mt\u00fc \u2022 Swedbank EE072200221070220068<\/p>\n","protected":false},"author":1,"featured_media":0,"parent":0,"menu_order":0,"comment_status":"closed","ping_status":"closed","template":"","meta":{"footnotes":""},"class_list":["post-6592","page","type-page","status-publish","hentry","no-post-thumbnail"],"_links":{"self":[{"href":"https:\/\/nurrunurk.ee\/fi\/wp-json\/wp\/v2\/pages\/6592","targetHints":{"allow":["GET"]}}],"collection":[{"href":"https:\/\/nurrunurk.ee\/fi\/wp-json\/wp\/v2\/pages"}],"about":[{"href":"https:\/\/nurrunurk.ee\/fi\/wp-json\/wp\/v2\/types\/page"}],"author":[{"embeddable":true,"href":"https:\/\/nurrunurk.ee\/fi\/wp-json\/wp\/v2\/users\/1"}],"replies":[{"embeddable":true,"href":"https:\/\/nurrunurk.ee\/fi\/wp-json\/wp\/v2\/comments?post=6592"}],"version-history":[{"count":4,"href":"https:\/\/nurrunurk.ee\/fi\/wp-json\/wp\/v2\/pages\/6592\/revisions"}],"predecessor-version":[{"id":7440,"href":"https:\/\/nurrunurk.ee\/fi\/wp-json\/wp\/v2\/pages\/6592\/revisions\/7440"}],"wp:attachment":[{"href":"https:\/\/nurrunurk.ee\/fi\/wp-json\/wp\/v2\/media?parent=6592"}],"curies":[{"name":"wp","href":"https:\/\/api.w.org\/{rel}","templated":true}]}}