{"id":6582,"date":"2020-09-30T19:24:00","date_gmt":"2020-09-30T16:24:00","guid":{"rendered":"https:\/\/nurrunurk.ee\/?page_id=6582"},"modified":"2023-04-10T15:43:46","modified_gmt":"2023-04-10T12:43:46","slug":"uudised-ja-uritused","status":"publish","type":"page","link":"https:\/\/nurrunurk.ee\/fi\/uudised-ja-uritused\/","title":{"rendered":"Uutiset ja tapahtumat"},"content":{"rendered":"<img loading=\"lazy\" decoding=\"async\" src=\"https:\/\/nurrunurk.ee\/wp-content\/uploads\/2018\/09\/news-1.png\" sizes=\"auto, (max-width: 1280px) 100vw, 1280px\" srcset=\"https:\/\/nurrunurk.ee\/wp-content\/uploads\/2018\/09\/news-1.png 1280w, https:\/\/nurrunurk.ee\/wp-content\/uploads\/2018\/09\/news-1-300x98.png 300w, https:\/\/nurrunurk.ee\/wp-content\/uploads\/2018\/09\/news-1-768x252.png 768w, https:\/\/nurrunurk.ee\/wp-content\/uploads\/2018\/09\/news-1-1024x336.png 1024w, https:\/\/nurrunurk.ee\/wp-content\/uploads\/2018\/09\/news-1-600x197.png 600w\" alt=\"\" width=\"1280\" height=\"420\" \/><\/p>\n<h2>Uutiset ja tapahtumat<\/h2>\n<p>Nurrunurkan tilat saatiin kuntoon syyskuun 2018 lopulla. Halusimme juhlistaa toiminnan aloittamista ja kutsuimme l\u00e4hes 80 henkil\u00f6\u00e4 avajaisiimme 29. syyskuuta 2018.<\/p>\n<h3>Avajaiset 29.9.2018<\/h3>\n<h3>Saarte H\u00e4\u00e4l (video)<\/h3>\n<p><iframe loading=\"lazy\" src=\"https:\/\/www.youtube.com\/embed\/kF0OECfCXo4\" width=\"360\" height=\"360\" frameborder=\"0\" allowfullscreen=\"allowfullscreen\"><\/iframe>","protected":false},"excerpt":{"rendered":"<p>Uutiset ja tapahtumat Nurrunurkan tilat saatiin kuntoon syyskuun 2018 lopulla. Halusimme juhlistaa toiminnan aloittamista ja kutsuimme l\u00e4hes 80 henkil\u00f6\u00e4 avajaisiimme 29. syyskuuta 2018. Avajaiset 29.9.2018 Saarte H\u00e4\u00e4l (video)<\/p>\n","protected":false},"author":1,"featured_media":0,"parent":0,"menu_order":0,"comment_status":"closed","ping_status":"closed","template":"","meta":{"footnotes":""},"class_list":["post-6582","page","type-page","status-publish","hentry","no-post-thumbnail"],"_links":{"self":[{"href":"https:\/\/nurrunurk.ee\/fi\/wp-json\/wp\/v2\/pages\/6582","targetHints":{"allow":["GET"]}}],"collection":[{"href":"https:\/\/nurrunurk.ee\/fi\/wp-json\/wp\/v2\/pages"}],"about":[{"href":"https:\/\/nurrunurk.ee\/fi\/wp-json\/wp\/v2\/types\/page"}],"author":[{"embeddable":true,"href":"https:\/\/nurrunurk.ee\/fi\/wp-json\/wp\/v2\/users\/1"}],"replies":[{"embeddable":true,"href":"https:\/\/nurrunurk.ee\/fi\/wp-json\/wp\/v2\/comments?post=6582"}],"version-history":[{"count":11,"href":"https:\/\/nurrunurk.ee\/fi\/wp-json\/wp\/v2\/pages\/6582\/revisions"}],"predecessor-version":[{"id":7444,"href":"https:\/\/nurrunurk.ee\/fi\/wp-json\/wp\/v2\/pages\/6582\/revisions\/7444"}],"wp:attachment":[{"href":"https:\/\/nurrunurk.ee\/fi\/wp-json\/wp\/v2\/media?parent=6582"}],"curies":[{"name":"wp","href":"https:\/\/api.w.org\/{rel}","templated":true}]}}