{"id":6572,"date":"2020-09-30T19:21:13","date_gmt":"2020-09-30T16:21:13","guid":{"rendered":"https:\/\/nurrunurk.ee\/?page_id=6572"},"modified":"2023-04-10T15:43:11","modified_gmt":"2023-04-10T12:43:11","slug":"meie-lugu","status":"publish","type":"page","link":"https:\/\/nurrunurk.ee\/fi\/meie-lugu\/","title":{"rendered":"Taustaa"},"content":{"rendered":"<img loading=\"lazy\" decoding=\"async\" src=\"https:\/\/nurrunurk.ee\/wp-content\/uploads\/2019\/10\/01-blue-one.jpg\" sizes=\"auto, (max-width: 1280px) 100vw, 1280px\" srcset=\"https:\/\/nurrunurk.ee\/wp-content\/uploads\/2019\/10\/01-blue-one.jpg 1280w, https:\/\/nurrunurk.ee\/wp-content\/uploads\/2019\/10\/01-blue-one-300x98.jpg 300w, https:\/\/nurrunurk.ee\/wp-content\/uploads\/2019\/10\/01-blue-one-768x252.jpg 768w, https:\/\/nurrunurk.ee\/wp-content\/uploads\/2019\/10\/01-blue-one-1024x336.jpg 1024w\" alt=\"\" width=\"1280\" height=\"420\" \/><\/p>\n<h2>Taustaa<\/h2>\n<p>Nurrunurk on vuonna helmikuussa 2018 perustettu voittoa tavoittelematon yhdistys, jonka alueena on it\u00e4inen Saarenmaa. Nurrunurk auttaa ja l\u00e4\u00e4kitsee kissoja kunnes ne voidaan palauttaa takaisin omistajilleen tai kissoille pyrit\u00e4\u00e4n l\u00f6yt\u00e4m\u00e4\u00e4n uudet kodit. L\u00f6yt\u00f6kissoille tehd\u00e4\u00e4n aina tarvittavat toimenpiteet lis\u00e4\u00e4ntymisen est\u00e4miseksi.","protected":false},"excerpt":{"rendered":"<p>Taustaa Nurrunurk on vuonna helmikuussa 2018 perustettu voittoa tavoittelematon yhdistys, jonka alueena on it\u00e4inen Saarenmaa. Nurrunurk auttaa ja l\u00e4\u00e4kitsee kissoja kunnes ne voidaan palauttaa takaisin omistajilleen tai kissoille pyrit\u00e4\u00e4n l\u00f6yt\u00e4m\u00e4\u00e4n uudet kodit. L\u00f6yt\u00f6kissoille tehd\u00e4\u00e4n aina tarvittavat toimenpiteet lis\u00e4\u00e4ntymisen est\u00e4miseksi.<\/p>\n","protected":false},"author":1,"featured_media":0,"parent":0,"menu_order":0,"comment_status":"closed","ping_status":"closed","template":"","meta":{"footnotes":""},"class_list":["post-6572","page","type-page","status-publish","hentry","no-post-thumbnail"],"_links":{"self":[{"href":"https:\/\/nurrunurk.ee\/fi\/wp-json\/wp\/v2\/pages\/6572","targetHints":{"allow":["GET"]}}],"collection":[{"href":"https:\/\/nurrunurk.ee\/fi\/wp-json\/wp\/v2\/pages"}],"about":[{"href":"https:\/\/nurrunurk.ee\/fi\/wp-json\/wp\/v2\/types\/page"}],"author":[{"embeddable":true,"href":"https:\/\/nurrunurk.ee\/fi\/wp-json\/wp\/v2\/users\/1"}],"replies":[{"embeddable":true,"href":"https:\/\/nurrunurk.ee\/fi\/wp-json\/wp\/v2\/comments?post=6572"}],"version-history":[{"count":3,"href":"https:\/\/nurrunurk.ee\/fi\/wp-json\/wp\/v2\/pages\/6572\/revisions"}],"predecessor-version":[{"id":7466,"href":"https:\/\/nurrunurk.ee\/fi\/wp-json\/wp\/v2\/pages\/6572\/revisions\/7466"}],"wp:attachment":[{"href":"https:\/\/nurrunurk.ee\/fi\/wp-json\/wp\/v2\/media?parent=6572"}],"curies":[{"name":"wp","href":"https:\/\/api.w.org\/{rel}","templated":true}]}}