{"id":5588,"date":"2018-10-13T14:54:22","date_gmt":"2018-10-13T14:54:22","guid":{"rendered":"https:\/\/nurrunurk.ee\/?page_id=5588"},"modified":"2023-04-10T16:13:24","modified_gmt":"2023-04-10T13:13:24","slug":"the-procedures-of-cats","status":"publish","type":"page","link":"https:\/\/nurrunurk.ee\/fi\/the-procedures-of-cats\/","title":{"rendered":"Menetluste reeglid"},"content":{"rendered":"<p><em>FAKT: Ainus tark lahendus kasside arvu p\u00fcsivaks v\u00e4hendamiseks ja tulevikuprobleemide \u00e4rahoidmiseks on kasside steriliseerimine.<\/em><\/p>\n<h2>KASSIDE KOHTLEMISE JA KAITSMISE REEGLID<\/h2>\n<p>J\u00e4rgnevalt esitatakse p\u00f5hireeglid, kuidas toimida eri t\u00fc\u00fcpi kassidega (Loomaarstil erandi tegemise otsus).<\/p>\n<h3>METSIKUD, INIMESI KARTVAD HULKUVAD (KODUTUD) KASSID<\/h3>\n<p>\u2022 P\u00fc\u00fctakse puuri v\u00f5i v\u00f5rku asetatud h\u00f5rgutava toidupalaga.<br \/>\n\u2022 Kassid tuleb tuua loomaarsti juurde l\u00e4bivaatusele koos puuriga.<br \/>\n\u2022 Loomaarst avab puuriluugi (kassihammustus v\u00f5i kassik\u00fc\u00fcnistus on ohtlikud).<br \/>\n\u2022 Taastumine ja<br \/>\n\u2022 Tagastamine*)<\/p>\n<h3>V\u00c4LJAS ELAVAD LAUDAKASSID<\/h3>\n<p>\u2022 Kassid soovitame tuua loomaarsti juurde l\u00e4bivaatusele<br \/>\n\u2022 Vajadusel steriliseerimine\/kastreerimine\/kiibistamine.<br \/>\n\u2022 Taastumine ja<br \/>\n\u2022 Tagastamine lauda*)<\/p>\n<h3>KODUS ELAVAD LEMMIKLOOMAD<\/h3>\n<p>\u2022 Kassid soovitame tuua loomaarsti juurde l\u00e4bivaatusele.<br \/>\n\u2022 Vajadusel steriliseerimine\/kastreerimine\/kiibistamine.<br \/>\n\u2022 Taastumine ja<br \/>\n\u2022 Tagastamine koju<\/p>\n<h3>PUUDUST KANNATAVAD KASSIOMANIKUD<\/h3>\n<p>\u2022 Vajadusel teeb kassiomanik valla volitatud isikule kassitoitmise taotluse.<br \/>\n\u2022 Kassiomaniku surma v\u00f5i haigestumise korral on vaja s\u00f5prade, naabrite ja loomaarstiga m\u00f5elda kassile parim hooldamise variant.<\/p>\n<h3>MILLAL KASS J\u00c4\u00c4B VARJUPAIKA?<\/h3>\n<p>Kui kassile p\u00e4rast proseduure ja ei ole v\u00f5imalik tagasi viia, ta sobib kaaslaleks teistele kassidele p\u00fc\u00fcab varjupaik leida kassile:<br \/>\n\u2022 p\u00e4ris kodu v\u00f5i<br \/>\n\u2022 ajutise hooldaja<\/p>\n<p><em>*) tagastatud kass jatkab oma arvukas t\u00f6\u00f6d hiirdep\u00fc\u00fcdjana aga ei paljune<\/em><\/p>\n<h3>KONTAKT INFO<\/h3>\n<h3>Nurrunurk mt\u00fc<\/h3>\n<p>(vana Audla kauplus)<br \/>\nJ\u00f5e k\u00fcla, Saaremaa vald, Estonia 94419 Saaremaa vald<br \/>\nTel. 56612353<br \/>\nwww.nurrunurk.ee\u00a0 \u2022 www.facebook.com\/nurrunurk\/<\/p>\n<h3>Loomakliinik<\/h3>\n<p>Argp\u00e4eviti kokkuleppel 18.00\u201320.00<br \/>\nLaup\u00e4eviti 10.00\u201314.00<br \/>\nTel. 5185982<br \/>\nE-mail: lainesynter@gmail.com<\/p>\n","protected":false},"excerpt":{"rendered":"<p>FAKT: Ainus tark lahendus kasside arvu p\u00fcsivaks v\u00e4hendamiseks ja tulevikuprobleemide \u00e4rahoidmiseks on kasside steriliseerimine. KASSIDE KOHTLEMISE JA KAITSMISE REEGLID J\u00e4rgnevalt esitatakse p\u00f5hireeglid, kuidas toimida eri t\u00fc\u00fcpi kassidega (Loomaarstil erandi tegemise otsus). METSIKUD, INIMESI KARTVAD HULKUVAD (KODUTUD) KASSID \u2022 P\u00fc\u00fctakse puuri v\u00f5i v\u00f5rku asetatud h\u00f5rgutava toidupalaga. \u2022 Kassid tuleb tuua loomaarsti juurde l\u00e4bivaatusele koos puuriga. \u2022 Loomaarst avab puuriluugi (kassihammustus v\u00f5i &#8230; <\/p>\n<div><a href=\"https:\/\/nurrunurk.ee\/fi\/the-procedures-of-cats\/\" class=\"more-link\">Read More<\/a><\/div>\n","protected":false},"author":1,"featured_media":0,"parent":0,"menu_order":0,"comment_status":"closed","ping_status":"closed","template":"","meta":{"footnotes":""},"class_list":["post-5588","page","type-page","status-publish","hentry","no-post-thumbnail"],"_links":{"self":[{"href":"https:\/\/nurrunurk.ee\/fi\/wp-json\/wp\/v2\/pages\/5588","targetHints":{"allow":["GET"]}}],"collection":[{"href":"https:\/\/nurrunurk.ee\/fi\/wp-json\/wp\/v2\/pages"}],"about":[{"href":"https:\/\/nurrunurk.ee\/fi\/wp-json\/wp\/v2\/types\/page"}],"author":[{"embeddable":true,"href":"https:\/\/nurrunurk.ee\/fi\/wp-json\/wp\/v2\/users\/1"}],"replies":[{"embeddable":true,"href":"https:\/\/nurrunurk.ee\/fi\/wp-json\/wp\/v2\/comments?post=5588"}],"version-history":[{"count":4,"href":"https:\/\/nurrunurk.ee\/fi\/wp-json\/wp\/v2\/pages\/5588\/revisions"}],"predecessor-version":[{"id":5662,"href":"https:\/\/nurrunurk.ee\/fi\/wp-json\/wp\/v2\/pages\/5588\/revisions\/5662"}],"wp:attachment":[{"href":"https:\/\/nurrunurk.ee\/fi\/wp-json\/wp\/v2\/media?parent=5588"}],"curies":[{"name":"wp","href":"https:\/\/api.w.org\/{rel}","templated":true}]}}