{"id":5268,"date":"2018-09-24T08:26:40","date_gmt":"2018-09-24T08:26:40","guid":{"rendered":"https:\/\/nurrunurk.ee\/owners-obligations\/"},"modified":"2023-04-10T15:45:46","modified_gmt":"2023-04-10T12:45:46","slug":"owners-obligations","status":"publish","type":"page","link":"https:\/\/nurrunurk.ee\/fi\/owners-obligations\/","title":{"rendered":"Omaniku kohustused"},"content":{"rendered":"<img loading=\"lazy\" decoding=\"async\" src=\"https:\/\/nurrunurk.ee\/wp-content\/uploads\/2018\/09\/owners-obligations.png\" sizes=\"auto, (max-width: 1152px) 100vw, 1152px\" srcset=\"https:\/\/nurrunurk.ee\/wp-content\/uploads\/2018\/09\/owners-obligations.png 1152w, https:\/\/nurrunurk.ee\/wp-content\/uploads\/2018\/09\/owners-obligations-300x109.png 300w, https:\/\/nurrunurk.ee\/wp-content\/uploads\/2018\/09\/owners-obligations-768x280.png 768w, https:\/\/nurrunurk.ee\/wp-content\/uploads\/2018\/09\/owners-obligations-1024x373.png 1024w, https:\/\/nurrunurk.ee\/wp-content\/uploads\/2018\/09\/owners-obligations-600x219.png 600w\" alt=\"\" width=\"1152\" height=\"420\" \/><\/p>\n<h2>Omaniku kohustused<\/h2>\n<h3>V\u00f5tteit koerte, kasside ja teiste lemmikloomade pidamise eeskirjadest<\/h3>\n<h4>5. Lemmikloomapidaja kohustused<\/h4>\n<h5>5.1.Lemmikloomapidaja on kohustatud:<\/h5>\n<p>1) tagama lemmikloomale liigikohased pidamistingimused ja piisavas koguses puhast vett ning toitu;<br \/>\n2) paigaldama tarastatud territooriumi (v.a korterelamud) sissep\u00e4\u00e4sule koera olemasolust teatava hoiatussildi;<br \/>\n3) j\u00e4rgima veterinaar-, sanitaar-ja h\u00fcgieenin\u00f5udeid. Lemmikloomadel on keelatud reostada avalikke v\u00f5i \u00fcldkasutatavaid kohti ( trepikodasid, hoove, t\u00e4navaid, jalak\u00e4iguradasid, muruplatse, lillepeenraid, liivakaste, majaseinu, liiklusvahendeid).<br \/>\n4) v\u00f5tma tarvitusele meetmed, et v\u00e4listada lemmiklooma \u00e4rajooksmine ja inimestele v\u00f5i teistele loomadele kallaletungimise v\u00f5imaluse;<br \/>\n5) lemmiklooma kadumisel viivitamatult korraldama looma otsimise;<br \/>\n6) lemmiklooma teadmata p\u00f5hjusel hukkumisel p\u00f6\u00f6rduma litsentseeritud veterinaararsti poole hukkumise p\u00f5hjuste selgitamiseks;<br \/>\n7) inimest v\u00f5i teist looma hammustanud lemmikloomast koheselt teatama veterinaarasutusse ja eraldama hammustanud looma viivitamatult inimestest ning teistest loomadest;<br \/>\n8) lemmiklooma omanik on kohustatud looma viivitamatult isoleerima ja teatama volitatud veterinaararstile kui metsloom on r\u00fcnnanud omanikule kuuluvat lemmiklooma;<br \/>\n9) laskma vaktsineerida marutaudi vastu kolme kuu vanuse koera v\u00f5i kassi ja hilisemad vaktsineerimised tegema veterinaar-arsti poolt m\u00e4\u00e4ratud t\u00e4htajal. Loomapidaja on kohustatud p\u00e4deva ametiisiku n\u00f5udmisel esitama talle vaktsineerimist ja kiibistamist kinnitava t\u00f5endi kus vaktsineerimist\u00f5endil on fikseeritud vaktsiini toimeaeg ja j\u00e4rgmise vaktsineerimise aeg ja kiibistamise t\u00f5endil kiibistamise aeg.<br \/>\n10) tagama ameti\u00fclesandeid t\u00e4itva isiku (postiljon, arst, tulet\u00f5rje, p\u00e4\u00e4steamet, politsei jt) ja kaaskodanike ohutu viibimise loomapidaja territooriumil;<br \/>\n11) koera omanik, kes viibib koeraga jahipidamisel peab j\u00e4rgima jahipidamiseeskirju;<br \/>\n12) lemmikloomapidaja, kes soovib oma lemmikloomapidamise l\u00f5petada, peab tagama uue omaniku leidmise , looma varjupaika viimise v\u00f5i n\u00f5uetekohase hukkamise veterinaararsti poolt ning kandma sellega seotud kulud.<\/p>\n<h6>5.2. Lemmikloomapidajal on keelatud:<\/h6>\n<p>1) lubada lemmikloomal reostada hoone \u00fchiskasutuses olevaid ruume ja territooriume;<br \/>\n2) viibida lemmikloomaga staadionitel, m\u00e4nguv\u00e4ljakutel, spordirajatistes, liivakastides, \u00fcldkasutatavates hoonetes (ametiasutused, koolid, lasteaiad, rahvamajad, raamatukogud, spordihooned, kauplused, kirikud vms), kortermajade \u00fcldkasutatavates ruumides (p\u00f6\u00f6ningud, keldrid, v.a trepikoda) ning vastava keelum\u00e4rgiga t\u00e4histatud kohtades Vallavalitsuse eriloaga;<br \/>\n3) ujutada ja pesta lemmiklooma avalikes supluskohtades, allikates ja tiikides;<br \/>\n4) lemmiklooma h\u00fcljata, vigastada, abitusse seisundisse j\u00e4tta, tekitada valu ja v\u00e4lditavaid f\u00fc\u00fcsilisi ja vaimseid kannatusi, p\u00f5hjustada looma hukkumist v\u00f5i panna toime muud looma suhtes lubamatut tegu;<br \/>\n5) viibida avalikus kohas haige lemmikloomaga;<br \/>\n6) antud l\u00f5igu punkti 2 n\u00f5udeid ei rakendata vaegn\u00e4gija juhtkoera ja teenistus\u00fclesandeid t\u00e4itva erikoolituse saanud teenistuskoera kohta.<br \/>\n7) lubada lemmiklooma ilma j\u00e4relevalveta mitme korteriga elamutes v\u00f5i elamute juures trepikotta, koridori, maja \u00fcmbrusse ja haljasaladele.<\/p>\n<h6>6. Koerte vaktsineerimine ja registreerimine<\/h6>\n<p>(1) Koer peab olema ( soovi korral ka kass,) kiibistatud tegevusluba omava veterinaararsti poolt v\u00f5i varustatud loomaomaniku andmetega kaelarihmal ja kantud lemmiklooma registrisse www.llr.ee\/register\/.<\/p>\n<p>(2) Juhul, kui omandatakse registreerimata koer, kes on vanem kui kolm kuud, tuleb koer registreerida lemmikloomade registris \u00fche kuu jooksul koera omandamisest. Kutsika registreerimine toimub kutsika esimesel vaktsineerimisel, s.o kutsika kolme kuuseks saamisel.<\/p>\n<p>(3) Koera registreerimisel esitab omanik j\u00e4rgmised andmed:<br \/>\n1) omaniku nimi, isikukood, elukoht, telefoninumber, e-posti aadress;<br \/>\n2) looma liik, t\u00f5ug, sugu, nimi, s\u00fcnniaeg v\u00f5i vanus, v\u00e4rvus, eritunnused v\u00f5i looma kirjeldus, v\u00f5imalusel pilt;<br \/>\n3) info kiibi olemasolust;<br \/>\n4) koera t\u00e4iskasvanuks saamisel tuleb registriandmeid t\u00e4psustada.<\/p>\n<p>(4) Loomapidaja on kohustatud tagama koera m\u00e4rgistamise tegevusluba omava veterinaararsti poolt paigaldatava mikrokiibiga, mis kannab kordumatut registreerimisnumbrit hiljemalt 31.12.2012.a.<\/p>\n<p>3. peat\u00fckk<\/p>\n<h4>OMANIKUTA V\u00d5I HULKUVAD KOERAD JA KASSID<\/h4>\n<h6>7. Omanikuta v\u00f5i hulkuvad koerad ja kassid<\/h6>\n<p>(1) Hulkuvate lemmikloomade p\u00fc\u00fcdmist korraldab Vallavalitsus.<\/p>\n<p>(2) Kui omaniku juurest lahtip\u00e4\u00e4senud looma kinnip\u00fc\u00fcdmise korraldas vallavalitsus, kannab selle looma p\u00fc\u00fcdmise, hoidmise ja hukkamisega seotud kulud looma omanik. Samuti on ilma mikrokiibita varjupaika toimetatud looma omanik kohustatud loomak\u00e4ttesaamisel tasuma looma registreerimise ja m\u00e4rgistamise kulud. Loomapidaja v\u00e4ljendatud tahteavaldus loomast loobuda ei vabasta loomapidajat kulude kandmise kohustusest.<\/p>\n<p>(3) Hulkuvad loomad p\u00fc\u00fctakse kinni omaniku kindlakstegemiseks ja omanikule tagastamiseks. Varjupaiga pidaja on hulkuva looma kinnip\u00fc\u00fcdmisel kohustatud kontrollima looma m\u00e4rgistust loomapidaja kindlakstegemiseks. Kui m\u00e4rgistuse abil on v\u00f5imalik loomapidaja kindlaks teha v\u00f5i kui varjupaiga pidajale on loomapidaja teada, siis on ta kohustatud viivitamata teatama loomapidajale looma leidmisest. Kui loomapidajat ei ole v\u00f5imalik kindlaks teha, loomaomanikega ei ole v\u00f5imalik kontakteeruda v\u00f5i kui indentifitseeritud looma ei ole v\u00f5imalik loomaomanikule kohe tagastada, siis toimetatakse loom varjupaika.<\/p>\n<p>(4) P\u00fc\u00fctud loomi hoitakse varjupaigas 14 p\u00e4eva arvates hulkuva looma kirjelduse avalikustamisest varjupaiga interneti kodulehek\u00fcljel ja valla kodulehel v\u00f5i ajakirjanduses. Nimetatud aja jooksul v\u00f5ib loomapidaja looma tagasi n\u00f5uda, tasudes eelnevalt looma p\u00fc\u00fcdmis- ja \u00fclalpidamiskulud. P\u00e4rast eelnimetatud aja m\u00f6\u00f6dumist v\u00f5idakse loom anda uuele loomapidajale. Kui selle aja kestel ei ole v\u00f5imalik hulkuva looma omanikku kindlaks teha ega loomale uut omanikku leida, v\u00f5idakse l\u00e4bi viia looma eutanaasia loomakaitseseaduses s\u00e4testatud korras.<\/p>\n<p>(5) Hulkuvate loomade p\u00fc\u00fcdmine ja suunamine varjupaika koosk\u00f5lastatakse vallavalitsusega. Ilma vastava koosk\u00f5lastuseta ei ole\u00a0 Vallavalitsus kohustatud h\u00fcvitama teenusega seotud kulutusi varjupaigale, ega v\u00f5ta vastutust selle tegevuse eest.<\/p>\n<p>(6) Ilmsete jahikoeratunnustega koera leidmisel teavitada kohalikku jahiseltsi.<\/p>\n<p>(7) Hulkuva lemmiklooma pikemaajalist (kestusega \u00fcle 1 kuu) s\u00f6\u00f6tmist ja jootmist ning samaaegselt alalise v\u00f5imaluse loomist looma viibimiseks oma elu- v\u00f5i abiruumides v\u00f5i \u00f5uealal, aga ka korterelamu \u00fcldkasutatavates ruumides v\u00f5i \u00f5uealal k\u00e4sitletakse loomapidamisena ja sellega tegelevale isikule laienevad loomakaitseseadusega ja k\u00e4esoleva m\u00e4\u00e4rusega loomapidajale pandud kohustused. Eelpoolnimetatud kohustusi ei teki, kui isik on teatanud vallavalitsusele hulkuvast lemmikloomast.<\/p>\n<p>(8) Lemmiklooma korjus tuleb k\u00e4idelda \u201eLoomataudit\u00f5rje seaduse\u201c \u00a7 19 l\u00f5ike 4 alusel kehtestatud viisil, kas p\u00f5letada loomsete j\u00e4\u00e4tmete p\u00f5letustehases v\u00f5i loomapidaja soovi korral matta looma omanikule kuuluval kinnistul.","protected":false},"excerpt":{"rendered":"<p>Omaniku kohustused V\u00f5tteit koerte, kasside ja teiste lemmikloomade pidamise eeskirjadest 5. Lemmikloomapidaja kohustused 5.1.Lemmikloomapidaja on kohustatud: 1) tagama lemmikloomale liigikohased pidamistingimused ja piisavas koguses puhast vett ning toitu; 2) paigaldama tarastatud territooriumi (v.a korterelamud) sissep\u00e4\u00e4sule koera olemasolust teatava hoiatussildi; 3) j\u00e4rgima veterinaar-, sanitaar-ja h\u00fcgieenin\u00f5udeid. Lemmikloomadel on keelatud reostada avalikke v\u00f5i \u00fcldkasutatavaid kohti ( trepikodasid, hoove, t\u00e4navaid, jalak\u00e4iguradasid, muruplatse, lillepeenraid, liivakaste, &#8230; <\/p>\n<div><a href=\"https:\/\/nurrunurk.ee\/fi\/owners-obligations\/\" class=\"more-link\">Read More<\/a><\/div>\n","protected":false},"author":1,"featured_media":0,"parent":0,"menu_order":0,"comment_status":"closed","ping_status":"closed","template":"","meta":{"footnotes":""},"class_list":["post-5268","page","type-page","status-publish","hentry","no-post-thumbnail"],"_links":{"self":[{"href":"https:\/\/nurrunurk.ee\/fi\/wp-json\/wp\/v2\/pages\/5268","targetHints":{"allow":["GET"]}}],"collection":[{"href":"https:\/\/nurrunurk.ee\/fi\/wp-json\/wp\/v2\/pages"}],"about":[{"href":"https:\/\/nurrunurk.ee\/fi\/wp-json\/wp\/v2\/types\/page"}],"author":[{"embeddable":true,"href":"https:\/\/nurrunurk.ee\/fi\/wp-json\/wp\/v2\/users\/1"}],"replies":[{"embeddable":true,"href":"https:\/\/nurrunurk.ee\/fi\/wp-json\/wp\/v2\/comments?post=5268"}],"version-history":[{"count":7,"href":"https:\/\/nurrunurk.ee\/fi\/wp-json\/wp\/v2\/pages\/5268\/revisions"}],"predecessor-version":[{"id":7468,"href":"https:\/\/nurrunurk.ee\/fi\/wp-json\/wp\/v2\/pages\/5268\/revisions\/7468"}],"wp:attachment":[{"href":"https:\/\/nurrunurk.ee\/fi\/wp-json\/wp\/v2\/media?parent=5268"}],"curies":[{"name":"wp","href":"https:\/\/api.w.org\/{rel}","templated":true}]}}